{"id":825,"date":"2024-03-11T13:57:12","date_gmt":"2024-03-11T16:57:12","guid":{"rendered":"https:\/\/liketec.com.br\/site\/produto\/gabinete-unreal-copy\/"},"modified":"2024-06-12T16:12:29","modified_gmt":"2024-06-12T16:12:29","slug":"gabinete-madness-825","status":"publish","type":"product","link":"https:\/\/liketec.com.br\/site\/produto\/gabinete-madness-825\/","title":{"rendered":"GABINETE MADNESS"},"content":{"rendered":"","protected":false},"excerpt":{"rendered":"<p>O uso de vidro curvo adiciona um toque de sofistica\u00e7\u00e3o, permitindo que os entusiastas exibam seus componentes internos com estilo e seguran\u00e7a. Ideal para quem busca um gabinete que combine funcionalidade avan\u00e7ada com uma est\u00e9tica atraente, o Madness \u00e9 a escolha perfeita para transformar qualquer setup em uma verdadeira obra de arte tecnol\u00f3gica.<\/p>\n","protected":false},"featured_media":1037,"comment_status":"open","ping_status":"closed","template":"","meta":{"om_disable_all_campaigns":false,"_monsterinsights_skip_tracking":false,"_monsterinsights_sitenote_active":false,"_monsterinsights_sitenote_note":"","_monsterinsights_sitenote_category":0,"_uf_show_specific_survey":0,"_uf_disable_surveys":false},"product_cat":[15,34,32],"product_tag":[],"aioseo_notices":[],"_links":{"self":[{"href":"https:\/\/liketec.com.br\/site\/wp-json\/wp\/v2\/product\/825"}],"collection":[{"href":"https:\/\/liketec.com.br\/site\/wp-json\/wp\/v2\/product"}],"about":[{"href":"https:\/\/liketec.com.br\/site\/wp-json\/wp\/v2\/types\/product"}],"replies":[{"embeddable":true,"href":"https:\/\/liketec.com.br\/site\/wp-json\/wp\/v2\/comments?post=825"}],"wp:featuredmedia":[{"embeddable":true,"href":"https:\/\/liketec.com.br\/site\/wp-json\/wp\/v2\/media\/1037"}],"wp:attachment":[{"href":"https:\/\/liketec.com.br\/site\/wp-json\/wp\/v2\/media?parent=825"}],"wp:term":[{"taxonomy":"product_cat","embeddable":true,"href":"https:\/\/liketec.com.br\/site\/wp-json\/wp\/v2\/product_cat?post=825"},{"taxonomy":"product_tag","embeddable":true,"href":"https:\/\/liketec.com.br\/site\/wp-json\/wp\/v2\/product_tag?post=825"}],"curies":[{"name":"wp","href":"https:\/\/api.w.org\/{rel}","templated":true}]}}