{"id":806,"date":"2023-11-24T10:33:23","date_gmt":"2023-11-24T13:33:23","guid":{"rendered":"https:\/\/liketec.com.br\/site\/produto\/kit-3x-fan-lighter-copy\/"},"modified":"2024-03-14T14:48:03","modified_gmt":"2024-03-14T17:48:03","slug":"fan-windise-liketec","status":"publish","type":"product","link":"https:\/\/liketec.com.br\/site\/produto\/fan-windise-liketec\/","title":{"rendered":"FAN LIKETEC WINDRISE"},"content":{"rendered":"","protected":false},"excerpt":{"rendered":"<p><span class=\"wixui-rich-text__text\">Atualize seu sistema de refrigera\u00e7\u00e3o com a incr\u00edvel Fan Cooler Liketec Windrise, uma obra-prima de design e desempenho para entusiastas de PC. Com dimens\u00f5es compactas de 120*25mm, esta ventoinha \u00e9 a escolha ideal para quem busca efici\u00eancia t\u00e9rmica sem comprometer o espa\u00e7o interno do gabinete.<\/span><\/p>\n","protected":false},"featured_media":817,"comment_status":"open","ping_status":"closed","template":"","meta":{"om_disable_all_campaigns":false,"_monsterinsights_skip_tracking":false,"_monsterinsights_sitenote_active":false,"_monsterinsights_sitenote_note":"","_monsterinsights_sitenote_category":0,"_uf_show_specific_survey":0,"_uf_disable_surveys":false},"product_cat":[37,39,17],"product_tag":[],"aioseo_notices":[],"_links":{"self":[{"href":"https:\/\/liketec.com.br\/site\/wp-json\/wp\/v2\/product\/806"}],"collection":[{"href":"https:\/\/liketec.com.br\/site\/wp-json\/wp\/v2\/product"}],"about":[{"href":"https:\/\/liketec.com.br\/site\/wp-json\/wp\/v2\/types\/product"}],"replies":[{"embeddable":true,"href":"https:\/\/liketec.com.br\/site\/wp-json\/wp\/v2\/comments?post=806"}],"wp:featuredmedia":[{"embeddable":true,"href":"https:\/\/liketec.com.br\/site\/wp-json\/wp\/v2\/media\/817"}],"wp:attachment":[{"href":"https:\/\/liketec.com.br\/site\/wp-json\/wp\/v2\/media?parent=806"}],"wp:term":[{"taxonomy":"product_cat","embeddable":true,"href":"https:\/\/liketec.com.br\/site\/wp-json\/wp\/v2\/product_cat?post=806"},{"taxonomy":"product_tag","embeddable":true,"href":"https:\/\/liketec.com.br\/site\/wp-json\/wp\/v2\/product_tag?post=806"}],"curies":[{"name":"wp","href":"https:\/\/api.w.org\/{rel}","templated":true}]}}