{"id":733,"date":"2023-11-05T16:48:08","date_gmt":"2023-11-05T19:48:08","guid":{"rendered":"https:\/\/liketec.com.br\/site\/?post_type=product&#038;p=733"},"modified":"2024-09-09T12:31:53","modified_gmt":"2024-09-09T12:31:53","slug":"gabinete-unreal","status":"publish","type":"product","link":"https:\/\/liketec.com.br\/site\/produto\/gabinete-unreal\/","title":{"rendered":"GABINETE UNREAL"},"content":{"rendered":"","protected":false},"excerpt":{"rendered":"<p>Prepare-se para ser cativado por um design de outro mundo. O gabinete Unreal combina funcionalidade excepcional com uma est\u00e9tica incompar\u00e1vel. Seu painel frontal em vidro temperado revela uma vis\u00e3o ousada, enquanto o painel lateral em vidro temperado \u00e0 esquerda oferece uma janela perfeita para mostrar suas incr\u00edveis configura\u00e7\u00f5es.<\/p>\n","protected":false},"featured_media":736,"comment_status":"open","ping_status":"closed","template":"","meta":{"om_disable_all_campaigns":false,"_monsterinsights_skip_tracking":false,"_monsterinsights_sitenote_active":false,"_monsterinsights_sitenote_note":"","_monsterinsights_sitenote_category":0,"_uf_show_specific_survey":0,"_uf_disable_surveys":false},"product_cat":[15,34,32],"product_tag":[],"aioseo_notices":[],"_links":{"self":[{"href":"https:\/\/liketec.com.br\/site\/wp-json\/wp\/v2\/product\/733"}],"collection":[{"href":"https:\/\/liketec.com.br\/site\/wp-json\/wp\/v2\/product"}],"about":[{"href":"https:\/\/liketec.com.br\/site\/wp-json\/wp\/v2\/types\/product"}],"replies":[{"embeddable":true,"href":"https:\/\/liketec.com.br\/site\/wp-json\/wp\/v2\/comments?post=733"}],"wp:featuredmedia":[{"embeddable":true,"href":"https:\/\/liketec.com.br\/site\/wp-json\/wp\/v2\/media\/736"}],"wp:attachment":[{"href":"https:\/\/liketec.com.br\/site\/wp-json\/wp\/v2\/media?parent=733"}],"wp:term":[{"taxonomy":"product_cat","embeddable":true,"href":"https:\/\/liketec.com.br\/site\/wp-json\/wp\/v2\/product_cat?post=733"},{"taxonomy":"product_tag","embeddable":true,"href":"https:\/\/liketec.com.br\/site\/wp-json\/wp\/v2\/product_tag?post=733"}],"curies":[{"name":"wp","href":"https:\/\/api.w.org\/{rel}","templated":true}]}}