{"id":46,"date":"2023-06-27T14:30:59","date_gmt":"2023-06-27T17:30:59","guid":{"rendered":"http:\/\/localhost\/liketecstore\/?post_type=product&#038;p=46"},"modified":"2023-10-19T14:53:46","modified_gmt":"2023-10-19T17:53:46","slug":"gabinete-revolution","status":"publish","type":"product","link":"https:\/\/liketec.com.br\/site\/produto\/gabinete-revolution\/","title":{"rendered":"GABINETE REVOLUTION"},"content":{"rendered":"","protected":false},"excerpt":{"rendered":"<p><span class=\"wixui-rich-text__text\">Apresentamos o Dark Revolution, uma revolu\u00e7\u00e3o no mundo dos gabinetes gamers. Com um design exclusivo que combina um painel frontal em mesh com uma lateral de vidro, este gabinete \u00e9 a escolha perfeita para os entusiastas da tecnologia e do estilo.<br \/>\n<br class=\"wixui-rich-text__text\" \/>O Dark Revolution oferece um espa\u00e7o interno amplo e vers\u00e1til, compat\u00edvel com placas-m\u00e3e M-ATX\/ITX e fontes de alimenta\u00e7\u00e3o ATX montadas na parte inferior. Suas especifica\u00e7\u00f5es impressionantes incluem suporte para at\u00e9 3 ventoinhas M11 RGB de 12 cm, que podem ter o LED personalizado atrav\u00e9s do bot\u00e3o Reset da caixa.<\/span><\/p>\n","protected":false},"featured_media":256,"comment_status":"open","ping_status":"closed","template":"","meta":{"om_disable_all_campaigns":false,"_monsterinsights_skip_tracking":false,"_monsterinsights_sitenote_active":false,"_monsterinsights_sitenote_note":"","_monsterinsights_sitenote_category":0,"_uf_show_specific_survey":0,"_uf_disable_surveys":false},"product_cat":[15,33,35,32],"product_tag":[],"aioseo_notices":[],"_links":{"self":[{"href":"https:\/\/liketec.com.br\/site\/wp-json\/wp\/v2\/product\/46"}],"collection":[{"href":"https:\/\/liketec.com.br\/site\/wp-json\/wp\/v2\/product"}],"about":[{"href":"https:\/\/liketec.com.br\/site\/wp-json\/wp\/v2\/types\/product"}],"replies":[{"embeddable":true,"href":"https:\/\/liketec.com.br\/site\/wp-json\/wp\/v2\/comments?post=46"}],"wp:featuredmedia":[{"embeddable":true,"href":"https:\/\/liketec.com.br\/site\/wp-json\/wp\/v2\/media\/256"}],"wp:attachment":[{"href":"https:\/\/liketec.com.br\/site\/wp-json\/wp\/v2\/media?parent=46"}],"wp:term":[{"taxonomy":"product_cat","embeddable":true,"href":"https:\/\/liketec.com.br\/site\/wp-json\/wp\/v2\/product_cat?post=46"},{"taxonomy":"product_tag","embeddable":true,"href":"https:\/\/liketec.com.br\/site\/wp-json\/wp\/v2\/product_tag?post=46"}],"curies":[{"name":"wp","href":"https:\/\/api.w.org\/{rel}","templated":true}]}}