{"id":459,"date":"2023-09-28T17:22:04","date_gmt":"2023-09-28T20:22:04","guid":{"rendered":"http:\/\/localhost\/liketecstore\/?post_type=product&#038;p=459"},"modified":"2023-10-12T21:25:46","modified_gmt":"2023-10-13T00:25:46","slug":"kit-3x-fan-lighter","status":"publish","type":"product","link":"https:\/\/liketec.com.br\/site\/produto\/kit-3x-fan-lighter\/","title":{"rendered":"KIT 3X FAN LIGHTER"},"content":{"rendered":"","protected":false},"excerpt":{"rendered":"<p><span class=\"wixui-rich-text__text\">Experimente um espet\u00e1culo de cores com 32 efeitos e 12 cores incr\u00edveis. Personalize o seu PC como nunca antes com a ilumina\u00e7\u00e3o ARGB deste kit. Crie ambientes deslumbrantes para sua esta\u00e7\u00e3o de batalha ou esta\u00e7\u00e3o de trabalho. O controle remoto inclu\u00eddo permite que voc\u00ea ajuste facilmente as cores e os efeitos \u00e0 sua prefer\u00eancia.<\/span><\/p>\n","protected":false},"featured_media":617,"comment_status":"open","ping_status":"closed","template":"","meta":{"om_disable_all_campaigns":false,"_monsterinsights_skip_tracking":false,"_monsterinsights_sitenote_active":false,"_monsterinsights_sitenote_note":"","_monsterinsights_sitenote_category":0,"_uf_show_specific_survey":0,"_uf_disable_surveys":false},"product_cat":[37,39,17],"product_tag":[],"aioseo_notices":[],"_links":{"self":[{"href":"https:\/\/liketec.com.br\/site\/wp-json\/wp\/v2\/product\/459"}],"collection":[{"href":"https:\/\/liketec.com.br\/site\/wp-json\/wp\/v2\/product"}],"about":[{"href":"https:\/\/liketec.com.br\/site\/wp-json\/wp\/v2\/types\/product"}],"replies":[{"embeddable":true,"href":"https:\/\/liketec.com.br\/site\/wp-json\/wp\/v2\/comments?post=459"}],"wp:featuredmedia":[{"embeddable":true,"href":"https:\/\/liketec.com.br\/site\/wp-json\/wp\/v2\/media\/617"}],"wp:attachment":[{"href":"https:\/\/liketec.com.br\/site\/wp-json\/wp\/v2\/media?parent=459"}],"wp:term":[{"taxonomy":"product_cat","embeddable":true,"href":"https:\/\/liketec.com.br\/site\/wp-json\/wp\/v2\/product_cat?post=459"},{"taxonomy":"product_tag","embeddable":true,"href":"https:\/\/liketec.com.br\/site\/wp-json\/wp\/v2\/product_tag?post=459"}],"curies":[{"name":"wp","href":"https:\/\/api.w.org\/{rel}","templated":true}]}}