{"id":377,"date":"2023-09-28T07:57:09","date_gmt":"2023-09-28T10:57:09","guid":{"rendered":"http:\/\/localhost\/liketecstore\/?post_type=product&#038;p=377"},"modified":"2023-10-12T21:15:04","modified_gmt":"2023-10-13T00:15:04","slug":"gabinete-kirra","status":"publish","type":"product","link":"https:\/\/liketec.com.br\/site\/produto\/gabinete-kirra\/","title":{"rendered":"GABINETE KIRRA"},"content":{"rendered":"","protected":false},"excerpt":{"rendered":"<p><span class=\"wixui-rich-text__text\">O primeiro da nova fam\u00edlia de gabinetes cubo da LIKETEC chega com um formato \u00fanico e um design exclusivo para voc\u00ea que quer ter um gabinete no formato cubo transparente com muito RGB em cima da sua mesa!<\/span><\/p>\n","protected":false},"featured_media":415,"comment_status":"open","ping_status":"closed","template":"","meta":{"om_disable_all_campaigns":false,"_monsterinsights_skip_tracking":false,"_monsterinsights_sitenote_active":false,"_monsterinsights_sitenote_note":"","_monsterinsights_sitenote_category":0,"_uf_show_specific_survey":0,"_uf_disable_surveys":false},"product_cat":[15,34,33,32],"product_tag":[],"aioseo_notices":[],"_links":{"self":[{"href":"https:\/\/liketec.com.br\/site\/wp-json\/wp\/v2\/product\/377"}],"collection":[{"href":"https:\/\/liketec.com.br\/site\/wp-json\/wp\/v2\/product"}],"about":[{"href":"https:\/\/liketec.com.br\/site\/wp-json\/wp\/v2\/types\/product"}],"replies":[{"embeddable":true,"href":"https:\/\/liketec.com.br\/site\/wp-json\/wp\/v2\/comments?post=377"}],"wp:featuredmedia":[{"embeddable":true,"href":"https:\/\/liketec.com.br\/site\/wp-json\/wp\/v2\/media\/415"}],"wp:attachment":[{"href":"https:\/\/liketec.com.br\/site\/wp-json\/wp\/v2\/media?parent=377"}],"wp:term":[{"taxonomy":"product_cat","embeddable":true,"href":"https:\/\/liketec.com.br\/site\/wp-json\/wp\/v2\/product_cat?post=377"},{"taxonomy":"product_tag","embeddable":true,"href":"https:\/\/liketec.com.br\/site\/wp-json\/wp\/v2\/product_tag?post=377"}],"curies":[{"name":"wp","href":"https:\/\/api.w.org\/{rel}","templated":true}]}}