{"id":374,"date":"2023-09-27T21:06:22","date_gmt":"2023-09-28T00:06:22","guid":{"rendered":"http:\/\/localhost\/liketecstore\/?post_type=product&#038;p=374"},"modified":"2023-10-14T08:47:48","modified_gmt":"2023-10-14T11:47:48","slug":"gabinete-madrock","status":"publish","type":"product","link":"https:\/\/liketec.com.br\/site\/produto\/gabinete-madrock\/","title":{"rendered":"GABINETE MADROCK"},"content":{"rendered":"","protected":false},"excerpt":{"rendered":"<p class=\"font_7 wixui-rich-text__text\"><span class=\"wixui-rich-text__text\">Aprimore a sua experi\u00eancia gamer com o gabinete Liketec MadRock Full Black! Com um design moderno e funcional, <\/span><span class=\"wixui-rich-text__text\">este <\/span><span class=\"wixui-rich-text__text\">gabinete \u00e9 perfeito para os entusiastas de jogos que buscam uma constru\u00e7\u00e3o de alta qualidade.<br \/>\n<\/span><\/p>\n<p><span class=\"wixui-rich-text__text\">O gabinete inclui 4 ventoinhas ARGB na cor preta, sendo 3 na parte superior e 1 na parte traseira, garantindo uma excelente refrigera\u00e7\u00e3o para os seus componentes. Al\u00e9m disso, voc\u00ea pode personalizar as cores atrav\u00e9s do bot\u00e3o de reset ou control\u00e1-las pela placa-m\u00e3e, proporcionando um visual incr\u00edvel e imersivo durante as suas sess\u00f5es de jogo.<\/span><\/p>\n<p><span class=\"wixui-rich-text__text\">\u00a0<\/span><\/p>\n","protected":false},"featured_media":404,"comment_status":"open","ping_status":"closed","template":"","meta":{"om_disable_all_campaigns":false,"_monsterinsights_skip_tracking":false,"_monsterinsights_sitenote_active":false,"_monsterinsights_sitenote_note":"","_monsterinsights_sitenote_category":0,"_uf_show_specific_survey":0,"_uf_disable_surveys":false},"product_cat":[15,34,32],"product_tag":[],"aioseo_notices":[],"_links":{"self":[{"href":"https:\/\/liketec.com.br\/site\/wp-json\/wp\/v2\/product\/374"}],"collection":[{"href":"https:\/\/liketec.com.br\/site\/wp-json\/wp\/v2\/product"}],"about":[{"href":"https:\/\/liketec.com.br\/site\/wp-json\/wp\/v2\/types\/product"}],"replies":[{"embeddable":true,"href":"https:\/\/liketec.com.br\/site\/wp-json\/wp\/v2\/comments?post=374"}],"wp:featuredmedia":[{"embeddable":true,"href":"https:\/\/liketec.com.br\/site\/wp-json\/wp\/v2\/media\/404"}],"wp:attachment":[{"href":"https:\/\/liketec.com.br\/site\/wp-json\/wp\/v2\/media?parent=374"}],"wp:term":[{"taxonomy":"product_cat","embeddable":true,"href":"https:\/\/liketec.com.br\/site\/wp-json\/wp\/v2\/product_cat?post=374"},{"taxonomy":"product_tag","embeddable":true,"href":"https:\/\/liketec.com.br\/site\/wp-json\/wp\/v2\/product_tag?post=374"}],"curies":[{"name":"wp","href":"https:\/\/api.w.org\/{rel}","templated":true}]}}