{"id":336,"date":"2023-09-27T17:18:15","date_gmt":"2023-09-27T20:18:15","guid":{"rendered":"http:\/\/localhost\/liketecstore\/?post_type=product&#038;p=336"},"modified":"2023-10-12T21:14:42","modified_gmt":"2023-10-13T00:14:42","slug":"gabinete-zeus","status":"publish","type":"product","link":"https:\/\/liketec.com.br\/site\/produto\/gabinete-zeus\/","title":{"rendered":"GABINETE ZEUS"},"content":{"rendered":"","protected":false},"excerpt":{"rendered":"<p><span class=\"wixui-rich-text__text\">Apresentamos o Zeus V2, um gabinete gamer de alto desempenho. Com dimens\u00f5es imponentes e design deslumbrante em vidro, o Zeus V2 oferece espa\u00e7o interno amplo para configura\u00e7\u00f5es poderosas. Compat\u00edvel com placas-m\u00e3e ATX, Micro e ITX, possui suporte para HDD e SSDs, al\u00e9m de slots de expans\u00e3o. Sua ventila\u00e7\u00e3o excepcional, com capacidade para at\u00e9 10 ventoinhas e refrigera\u00e7\u00e3o l\u00edquida, mant\u00e9m o sistema resfriado mesmo durante sess\u00f5es intensas de jogos. Com o Zeus V2, voc\u00ea estar\u00e1 no comando de um gabinete gamer de alto desempenho, personaliz\u00e1vel e com estilo \u00fanico.<\/span><\/p>\n","protected":false},"featured_media":358,"comment_status":"open","ping_status":"closed","template":"","meta":{"om_disable_all_campaigns":false,"_monsterinsights_skip_tracking":false,"_monsterinsights_sitenote_active":false,"_monsterinsights_sitenote_note":"","_monsterinsights_sitenote_category":0,"_uf_show_specific_survey":0,"_uf_disable_surveys":false},"product_cat":[15,34,32],"product_tag":[],"aioseo_notices":[],"_links":{"self":[{"href":"https:\/\/liketec.com.br\/site\/wp-json\/wp\/v2\/product\/336"}],"collection":[{"href":"https:\/\/liketec.com.br\/site\/wp-json\/wp\/v2\/product"}],"about":[{"href":"https:\/\/liketec.com.br\/site\/wp-json\/wp\/v2\/types\/product"}],"replies":[{"embeddable":true,"href":"https:\/\/liketec.com.br\/site\/wp-json\/wp\/v2\/comments?post=336"}],"wp:featuredmedia":[{"embeddable":true,"href":"https:\/\/liketec.com.br\/site\/wp-json\/wp\/v2\/media\/358"}],"wp:attachment":[{"href":"https:\/\/liketec.com.br\/site\/wp-json\/wp\/v2\/media?parent=336"}],"wp:term":[{"taxonomy":"product_cat","embeddable":true,"href":"https:\/\/liketec.com.br\/site\/wp-json\/wp\/v2\/product_cat?post=336"},{"taxonomy":"product_tag","embeddable":true,"href":"https:\/\/liketec.com.br\/site\/wp-json\/wp\/v2\/product_tag?post=336"}],"curies":[{"name":"wp","href":"https:\/\/api.w.org\/{rel}","templated":true}]}}