{"id":318,"date":"2023-09-27T11:24:18","date_gmt":"2023-09-27T14:24:18","guid":{"rendered":"http:\/\/localhost\/liketecstore\/?post_type=product&#038;p=318"},"modified":"2023-10-13T07:31:13","modified_gmt":"2023-10-13T10:31:13","slug":"gabinete-orbital","status":"publish","type":"product","link":"https:\/\/liketec.com.br\/site\/produto\/gabinete-orbital\/","title":{"rendered":"GABINETE ORBITAL"},"content":{"rendered":"","protected":false},"excerpt":{"rendered":"<p><span class=\"wixui-rich-text__text\">Apresentamos o Orbital, uma verdadeira nave-m\u00e3e dos gabinetes gamers que o levar\u00e1 em uma jornada c\u00f3smica pelo mundo dos jogos. Com um design futurista que combina um painel frontal em mesh com uma lateral de vidro temperado, o Orbital \u00e9 mais do que um gabinete &#8211; \u00e9 uma experi\u00eancia intergal\u00e1ctica.<br class=\"wixui-rich-text__text\" \/><br class=\"wixui-rich-text__text\" \/>Este gabinete foi cuidadosamente projetado para oferecer n\u00e3o apenas uma est\u00e9tica impressionante, mas tamb\u00e9m um desempenho que desafia a gravidade. Compat\u00edvel com uma variedade de placas-m\u00e3e, incluindo ATX, Micro e ITX, o Orbital oferece espa\u00e7o interno generoso para construir seu pr\u00f3prio universo de jogos.<\/span><\/p>\n","protected":false},"featured_media":325,"comment_status":"open","ping_status":"closed","template":"","meta":{"om_disable_all_campaigns":false,"_monsterinsights_skip_tracking":false,"_monsterinsights_sitenote_active":false,"_monsterinsights_sitenote_note":"","_monsterinsights_sitenote_category":0,"_uf_show_specific_survey":0,"_uf_disable_surveys":false},"product_cat":[15,33,35,32],"product_tag":[],"aioseo_notices":[],"_links":{"self":[{"href":"https:\/\/liketec.com.br\/site\/wp-json\/wp\/v2\/product\/318"}],"collection":[{"href":"https:\/\/liketec.com.br\/site\/wp-json\/wp\/v2\/product"}],"about":[{"href":"https:\/\/liketec.com.br\/site\/wp-json\/wp\/v2\/types\/product"}],"replies":[{"embeddable":true,"href":"https:\/\/liketec.com.br\/site\/wp-json\/wp\/v2\/comments?post=318"}],"wp:featuredmedia":[{"embeddable":true,"href":"https:\/\/liketec.com.br\/site\/wp-json\/wp\/v2\/media\/325"}],"wp:attachment":[{"href":"https:\/\/liketec.com.br\/site\/wp-json\/wp\/v2\/media?parent=318"}],"wp:term":[{"taxonomy":"product_cat","embeddable":true,"href":"https:\/\/liketec.com.br\/site\/wp-json\/wp\/v2\/product_cat?post=318"},{"taxonomy":"product_tag","embeddable":true,"href":"https:\/\/liketec.com.br\/site\/wp-json\/wp\/v2\/product_tag?post=318"}],"curies":[{"name":"wp","href":"https:\/\/api.w.org\/{rel}","templated":true}]}}