{"id":1356,"date":"2026-02-10T11:58:00","date_gmt":"2026-02-10T14:58:00","guid":{"rendered":"https:\/\/liketec.com.br\/site\/produto\/fan-cooler-riddle-copy\/"},"modified":"2026-02-10T15:12:37","modified_gmt":"2026-02-10T15:12:37","slug":"fan-cooler-riddle-copy","status":"publish","type":"product","link":"https:\/\/liketec.com.br\/site\/produto\/fan-cooler-riddle-copy\/","title":{"rendered":"FAN COOLER PUZZLE"},"content":{"rendered":"","protected":false},"excerpt":{"rendered":"<p>O RIDDLE \u00e9 o mais novo fan da Liketec desenvolvido para quem busca m\u00e1xima efici\u00eancia no resfriamento do hardware sem abrir m\u00e3o de um visual moderno e imersivo. Com 120mm, design em cor preta e ilumina\u00e7\u00e3o ARGB com duplo anel (interno + externo), ele transforma qualquer setup em uma verdadeira experi\u00eancia visual gamer.<\/p>\n","protected":false},"featured_media":1358,"comment_status":"open","ping_status":"closed","template":"","meta":{"om_disable_all_campaigns":false,"_monsterinsights_skip_tracking":false,"_monsterinsights_sitenote_active":false,"_monsterinsights_sitenote_note":"","_monsterinsights_sitenote_category":0,"_uf_show_specific_survey":0,"_uf_disable_surveys":false},"product_cat":[37,39],"product_tag":[],"aioseo_notices":[],"_links":{"self":[{"href":"https:\/\/liketec.com.br\/site\/wp-json\/wp\/v2\/product\/1356"}],"collection":[{"href":"https:\/\/liketec.com.br\/site\/wp-json\/wp\/v2\/product"}],"about":[{"href":"https:\/\/liketec.com.br\/site\/wp-json\/wp\/v2\/types\/product"}],"replies":[{"embeddable":true,"href":"https:\/\/liketec.com.br\/site\/wp-json\/wp\/v2\/comments?post=1356"}],"wp:featuredmedia":[{"embeddable":true,"href":"https:\/\/liketec.com.br\/site\/wp-json\/wp\/v2\/media\/1358"}],"wp:attachment":[{"href":"https:\/\/liketec.com.br\/site\/wp-json\/wp\/v2\/media?parent=1356"}],"wp:term":[{"taxonomy":"product_cat","embeddable":true,"href":"https:\/\/liketec.com.br\/site\/wp-json\/wp\/v2\/product_cat?post=1356"},{"taxonomy":"product_tag","embeddable":true,"href":"https:\/\/liketec.com.br\/site\/wp-json\/wp\/v2\/product_tag?post=1356"}],"curies":[{"name":"wp","href":"https:\/\/api.w.org\/{rel}","templated":true}]}}