{"id":1255,"date":"2024-07-26T11:33:11","date_gmt":"2024-07-26T14:33:11","guid":{"rendered":"https:\/\/liketec.com.br\/site\/?post_type=product&#038;p=1255"},"modified":"2024-07-29T21:13:54","modified_gmt":"2024-07-29T21:13:54","slug":"gabinete-enigma-1255","status":"publish","type":"product","link":"https:\/\/liketec.com.br\/site\/produto\/gabinete-enigma-1255\/","title":{"rendered":"FAN COOLER ENIGMA"},"content":{"rendered":"","protected":false},"excerpt":{"rendered":"<p>Eleve o desempenho e o estilo do seu sistema com o Fan Cooler Enigma Liketec. Com tecnologia avan\u00e7ada, durabilidade incompar\u00e1vel e uma est\u00e9tica deslumbrante, o Enigma \u00e9 a escolha definitiva para gamers e entusiastas de hardware que n\u00e3o abrem m\u00e3o da qualidade.<\/p>\n","protected":false},"featured_media":1270,"comment_status":"open","ping_status":"closed","template":"","meta":{"om_disable_all_campaigns":false,"_monsterinsights_skip_tracking":false,"_monsterinsights_sitenote_active":false,"_monsterinsights_sitenote_note":"","_monsterinsights_sitenote_category":0,"_uf_show_specific_survey":0,"_uf_disable_surveys":false},"product_cat":[37,39],"product_tag":[],"aioseo_notices":[],"_links":{"self":[{"href":"https:\/\/liketec.com.br\/site\/wp-json\/wp\/v2\/product\/1255"}],"collection":[{"href":"https:\/\/liketec.com.br\/site\/wp-json\/wp\/v2\/product"}],"about":[{"href":"https:\/\/liketec.com.br\/site\/wp-json\/wp\/v2\/types\/product"}],"replies":[{"embeddable":true,"href":"https:\/\/liketec.com.br\/site\/wp-json\/wp\/v2\/comments?post=1255"}],"wp:featuredmedia":[{"embeddable":true,"href":"https:\/\/liketec.com.br\/site\/wp-json\/wp\/v2\/media\/1270"}],"wp:attachment":[{"href":"https:\/\/liketec.com.br\/site\/wp-json\/wp\/v2\/media?parent=1255"}],"wp:term":[{"taxonomy":"product_cat","embeddable":true,"href":"https:\/\/liketec.com.br\/site\/wp-json\/wp\/v2\/product_cat?post=1255"},{"taxonomy":"product_tag","embeddable":true,"href":"https:\/\/liketec.com.br\/site\/wp-json\/wp\/v2\/product_tag?post=1255"}],"curies":[{"name":"wp","href":"https:\/\/api.w.org\/{rel}","templated":true}]}}