{"id":1130,"date":"2024-07-04T10:05:51","date_gmt":"2024-07-04T13:05:51","guid":{"rendered":"https:\/\/liketec.com.br\/site\/?post_type=product&#038;p=1130"},"modified":"2024-07-04T14:05:17","modified_gmt":"2024-07-04T14:05:17","slug":"gabinete-heydar","status":"publish","type":"product","link":"https:\/\/liketec.com.br\/site\/produto\/gabinete-heydar\/","title":{"rendered":"GABINETE HEYDAR"},"content":{"rendered":"","protected":false},"excerpt":{"rendered":"<p>O gabinete HEYDAR da s\u00e9rie Skytower oferece uma combina\u00e7\u00e3o perfeita de est\u00e9tica e funcionalidade. Com laterais e frontal em vidro temperado, ele \u00e9 ideal para quem busca um setup elegante e poderoso.<\/p>\n","protected":false},"featured_media":1139,"comment_status":"open","ping_status":"closed","template":"","meta":{"om_disable_all_campaigns":false,"_monsterinsights_skip_tracking":false,"_monsterinsights_sitenote_active":false,"_monsterinsights_sitenote_note":"","_monsterinsights_sitenote_category":0,"_uf_show_specific_survey":0,"_uf_disable_surveys":false},"product_cat":[15,34,32],"product_tag":[],"aioseo_notices":[],"_links":{"self":[{"href":"https:\/\/liketec.com.br\/site\/wp-json\/wp\/v2\/product\/1130"}],"collection":[{"href":"https:\/\/liketec.com.br\/site\/wp-json\/wp\/v2\/product"}],"about":[{"href":"https:\/\/liketec.com.br\/site\/wp-json\/wp\/v2\/types\/product"}],"replies":[{"embeddable":true,"href":"https:\/\/liketec.com.br\/site\/wp-json\/wp\/v2\/comments?post=1130"}],"wp:featuredmedia":[{"embeddable":true,"href":"https:\/\/liketec.com.br\/site\/wp-json\/wp\/v2\/media\/1139"}],"wp:attachment":[{"href":"https:\/\/liketec.com.br\/site\/wp-json\/wp\/v2\/media?parent=1130"}],"wp:term":[{"taxonomy":"product_cat","embeddable":true,"href":"https:\/\/liketec.com.br\/site\/wp-json\/wp\/v2\/product_cat?post=1130"},{"taxonomy":"product_tag","embeddable":true,"href":"https:\/\/liketec.com.br\/site\/wp-json\/wp\/v2\/product_tag?post=1130"}],"curies":[{"name":"wp","href":"https:\/\/api.w.org\/{rel}","templated":true}]}}