{"id":1098,"date":"2024-07-03T16:44:17","date_gmt":"2024-07-03T19:44:17","guid":{"rendered":"https:\/\/liketec.com.br\/site\/?post_type=product&#038;p=1098"},"modified":"2024-07-26T13:40:37","modified_gmt":"2024-07-26T13:40:37","slug":"gabinete-opera-1098","status":"publish","type":"product","link":"https:\/\/liketec.com.br\/site\/produto\/gabinete-opera-1098\/","title":{"rendered":"GABINETE OPERA"},"content":{"rendered":"","protected":false},"excerpt":{"rendered":"<p>Exiba seus componentes com o m\u00e1ximo de estilo e sofistica\u00e7\u00e3o. O gabinete LIKETEC OPERA proporciona uma vis\u00e3o deslumbrante do seu setup, inspirado nas maiores constru\u00e7\u00f5es arquitet\u00f4nicas do mundo.<\/p>\n","protected":false},"featured_media":1211,"comment_status":"open","ping_status":"closed","template":"","meta":{"om_disable_all_campaigns":false,"_monsterinsights_skip_tracking":false,"_monsterinsights_sitenote_active":false,"_monsterinsights_sitenote_note":"","_monsterinsights_sitenote_category":0,"_uf_show_specific_survey":0,"_uf_disable_surveys":false},"product_cat":[15,32,62],"product_tag":[],"aioseo_notices":[],"_links":{"self":[{"href":"https:\/\/liketec.com.br\/site\/wp-json\/wp\/v2\/product\/1098"}],"collection":[{"href":"https:\/\/liketec.com.br\/site\/wp-json\/wp\/v2\/product"}],"about":[{"href":"https:\/\/liketec.com.br\/site\/wp-json\/wp\/v2\/types\/product"}],"replies":[{"embeddable":true,"href":"https:\/\/liketec.com.br\/site\/wp-json\/wp\/v2\/comments?post=1098"}],"wp:featuredmedia":[{"embeddable":true,"href":"https:\/\/liketec.com.br\/site\/wp-json\/wp\/v2\/media\/1211"}],"wp:attachment":[{"href":"https:\/\/liketec.com.br\/site\/wp-json\/wp\/v2\/media?parent=1098"}],"wp:term":[{"taxonomy":"product_cat","embeddable":true,"href":"https:\/\/liketec.com.br\/site\/wp-json\/wp\/v2\/product_cat?post=1098"},{"taxonomy":"product_tag","embeddable":true,"href":"https:\/\/liketec.com.br\/site\/wp-json\/wp\/v2\/product_tag?post=1098"}],"curies":[{"name":"wp","href":"https:\/\/api.w.org\/{rel}","templated":true}]}}